{"id":6965,"date":"2022-02-06T15:29:21","date_gmt":"2022-02-06T14:29:21","guid":{"rendered":"https:\/\/samuelbitton.com\/galerie-celine-sam\/"},"modified":"2022-03-20T14:10:54","modified_gmt":"2022-03-20T13:10:54","slug":"celine-sam-gallery","status":"publish","type":"page","link":"https:\/\/samuelbitton.com\/en\/celine-sam-gallery\/","title":{"rendered":"Photo Art Gallery<br\/>\u00ab C\u00e9line &#038; Sam \u00bb"},"content":{"rendered":"<p><div class=\"taz_row taz_row_align-center\">\n<div class=\"taz_column-30 taz_column_align-justify\">\n\nIt is in the heart of the beautiful mountain resort of Ovronnaz in Switzerland, that Samuel and his partner <a target=\"_blank\" href=\"http:\/\/celinejentzsch.com\/\" rel=\"noopener noreferrer\">C\u00e9line<\/a> are pleased to welcome you to their permanent gallery in order to share with you some windows over the beauty of our world. You will be able to discover and acquire their artwork in different forms, whether as original fine prints (limited editions, open editions, or unique editions), as well as their books, calendars, view cards, etc.\n\n<\/div>\n<\/div><\/p>\n<p><div class=\"taz_gallery taz_gallery-2col\"><div class=\"taz_gallery-grid\" style=\"width:50%;\"><\/div><figure class=\"taz_gallery-item\" style=\"width:100%;\"><a href=\"\/wordpress\/wp-content\/uploads\/SB211210_006_R_1500px.jpg\" class=\"taz_imageLink\" rel=\"taz_imageZoom\" data-filename=\"SB211210_006_R_1500px.jpg\" data-zoomwidth=\"2882\" data-zoomheight=\"1500\"><span class=\"taz_gallery-imgWrapper\"><img decoding=\"async\" class=\"taz_gallery-img\" title=\"SB211210_006_R_1500px\" src=\"https:\/\/samuelbitton.com\/wordpress\/wp-content\/themes\/SamuelBitton\/inc\/taz_imagePlaceholder.php?width=2882&height=1500\" data-src=\"\/wordpress\/wp-content\/uploads\/SB211210_006_R_1500px-1200x625.jpg\"><\/span><\/a><\/figure><figure class=\"taz_gallery-item\" style=\"width:50%;\"><a href=\"\/wordpress\/wp-content\/uploads\/SB211210_015_R_1500px.jpg\" class=\"taz_imageLink\" rel=\"taz_imageZoom\" data-filename=\"SB211210_015_R_1500px.jpg\" data-zoomwidth=\"2239\" data-zoomheight=\"1500\"><span class=\"taz_gallery-imgWrapper\"><img decoding=\"async\" class=\"taz_gallery-img\" title=\"Galerie d&#039;art photo \" src=\"https:\/\/samuelbitton.com\/wordpress\/wp-content\/themes\/SamuelBitton\/inc\/taz_imagePlaceholder.php?width=2239&height=1500\" data-src=\"\/wordpress\/wp-content\/uploads\/SB211210_015_R_1500px-640x429.jpg\"><\/span><\/a><\/figure><figure class=\"taz_gallery-item\" style=\"width:50%;\"><a href=\"\/wordpress\/wp-content\/uploads\/SB211210_033_R_1500px-1.jpg\" class=\"taz_imageLink\" rel=\"taz_imageZoom\" data-filename=\"SB211210_033_R_1500px-1.jpg\" data-zoomwidth=\"2628\" data-zoomheight=\"1500\"><span class=\"taz_gallery-imgWrapper\"><img decoding=\"async\" class=\"taz_gallery-img\" title=\"SB211210_033_R_1500px\" src=\"https:\/\/samuelbitton.com\/wordpress\/wp-content\/themes\/SamuelBitton\/inc\/taz_imagePlaceholder.php?width=2628&height=1500\" data-src=\"\/wordpress\/wp-content\/uploads\/SB211210_033_R_1500px-1-640x365.jpg\"><\/span><\/a><\/figure><figure class=\"taz_gallery-item\" style=\"width:50%;\"><a href=\"\/wordpress\/wp-content\/uploads\/SB211211_007_R_1500px-1.jpg\" class=\"taz_imageLink\" rel=\"taz_imageZoom\" data-filename=\"SB211211_007_R_1500px-1.jpg\" data-zoomwidth=\"2504\" data-zoomheight=\"1500\"><span class=\"taz_gallery-imgWrapper\"><img decoding=\"async\" class=\"taz_gallery-img\" title=\"SB211211_007_R_1500px\" src=\"https:\/\/samuelbitton.com\/wordpress\/wp-content\/themes\/SamuelBitton\/inc\/taz_imagePlaceholder.php?width=2504&height=1500\" data-src=\"\/wordpress\/wp-content\/uploads\/SB211211_007_R_1500px-1-640x383.jpg\"><\/span><\/a><\/figure><figure class=\"taz_gallery-item\" style=\"width:50%;\"><a href=\"\/wordpress\/wp-content\/uploads\/SB211211_004_R-2_1500px.jpg\" class=\"taz_imageLink\" rel=\"taz_imageZoom\" data-filename=\"SB211211_004_R-2_1500px.jpg\" data-zoomwidth=\"2892\" data-zoomheight=\"1500\"><span class=\"taz_gallery-imgWrapper\"><img decoding=\"async\" class=\"taz_gallery-img\" title=\"SB211211_004_R-2_1500px\" src=\"https:\/\/samuelbitton.com\/wordpress\/wp-content\/themes\/SamuelBitton\/inc\/taz_imagePlaceholder.php?width=2892&height=1500\" data-src=\"\/wordpress\/wp-content\/uploads\/SB211211_004_R-2_1500px-640x332.jpg\"><\/span><\/a><\/figure><\/div><\/p>\n<p><div class=\"taz_row taz_row_align-center\">\n<div class=\"taz_column-70 taz_column_align-center\">\n<h4>Address :<\/h4>\n<a target=\"_blank\" href=\"https:\/\/goo.gl\/maps\/NF51nnCiphhqEs9p9\" rel=\"noopener\"><\/a>\n\n<a target=\"_blank\" href=\"https:\/\/goo.gl\/maps\/NF51nnCiphhqEs9p9\" rel=\"noopener\"><\/a>\n\n<a target=\"_blank\" href=\"https:\/\/goo.gl\/maps\/NF51nnCiphhqEs9p9\" rel=\"noopener\"><\/a>\n\n<a target=\"_blank\" href=\"https:\/\/goo.gl\/maps\/NF51nnCiphhqEs9p9\" rel=\"noopener\"><\/a>\n\n<a target=\"_blank\" href=\"https:\/\/goo.gl\/maps\/NF51nnCiphhqEs9p9\" rel=\"noopener\"><\/a>\n\n<a target=\"_blank\" href=\"https:\/\/goo.gl\/maps\/NF51nnCiphhqEs9p9\" rel=\"noopener\"><\/a>\n\n<a target=\"_blank\" href=\"https:\/\/goo.gl\/maps\/NF51nnCiphhqEs9p9\" rel=\"noopener\"><\/a>\n\n<a target=\"_blank\" href=\"https:\/\/goo.gl\/maps\/NF51nnCiphhqEs9p9\" rel=\"noopener\">\n<p class=\"\" style=\"margin-bottom:0px;\">Galerie C\u00e9line &amp; Sam<\/p>\n<p class=\"\" style=\"margin-bottom:0px;margin-top:0px\">Route des Muverans 21<\/p>\n<p class=\"\" style=\"margin-bottom:0px;margin-top:0px\">1911 Ovronnaz<\/p>\n<p class=\"\" style=\"margin-bottom:100px;margin-top:0px\">Switzerland<\/p>\n\n<\/a><a target=\"_blank\" href=\"https:\/\/goo.gl\/maps\/NF51nnCiphhqEs9p9\" rel=\"noopener\"><\/a><a target=\"_blank\" href=\"https:\/\/goo.gl\/maps\/NF51nnCiphhqEs9p9\" rel=\"noopener\"><\/a><a target=\"_blank\" href=\"https:\/\/goo.gl\/maps\/NF51nnCiphhqEs9p9\" rel=\"noopener\"><\/a><a target=\"_blank\" href=\"https:\/\/goo.gl\/maps\/NF51nnCiphhqEs9p9\" rel=\"noopener\"><\/a><a target=\"_blank\" href=\"https:\/\/goo.gl\/maps\/NF51nnCiphhqEs9p9\" rel=\"noopener\"><\/a><a target=\"_blank\" href=\"https:\/\/goo.gl\/maps\/NF51nnCiphhqEs9p9\" rel=\"noopener\"><\/a><a target=\"_blank\" href=\"https:\/\/goo.gl\/maps\/NF51nnCiphhqEs9p9\" rel=\"noopener\"><\/a>\n<iframe src=\"https:\/\/www.google.com\/maps\/embed?pb=!1m18!1m12!1m3!1d2761.360099069052!2d7.165262410071769!3d46.20329111464115!2m3!1f0!2f0!3f0!3m2!1i1024!2i768!4f13.1!3m3!1m2!1s0x478ec717676556f3%3A0x43e9c8a47368c291!2sGalerie%20de%20photographies%20-%20C%C3%A9line%20%26%20Sam!5e0!3m2!1sen!2sfr!4v1644162800834!5m2!1sen!2sfr\" style=\"width:100%;height:300px;border:0;\" allowfullscreen=\"\" loading=\"lazy\"><\/iframe>\n<h4 style=\"margin-top: 100px;\">Dates and Opening hours :<\/h4>\nAvailable on <a target=\"_blank\" href=\"https:\/\/celinesam.com\/\" rel=\"noopener\">www.celinesam.com<\/a> website.\n<\/div>\n<\/div><\/p>\n<p><div class=\"taz_row taz_row_align-center\">\n<div class=\"taz_column-30 taz_column_align-center\">\n<div class=\"\">You will find further details about the gallery as well as C\u00e9line and Samuel's work on their commun website :<\/div>\n<a target=\"_blank\" href=\"http:\/\/celinesam.com\/\" rel=\"noopener noreferrer\">www.celinesam.com<\/a>\n<\/div>\n<\/div><br \/>\n<div class=\"taz_subMenusSiblingsArea\"><h1 class=\"taz_subMenusSiblings-title\">Continue visiting<\/h1><\/div><\/p>\n","protected":false},"excerpt":{"rendered":"<p>Galerie d'Art Photo \"C\u00e9line &#038; Sam\" \u00e0 Ovronnaz (Suisse) des deux photographes C\u00e9line Jentzsch et Samuel Bitton.<\/p>\n","protected":false},"author":2,"featured_media":0,"parent":0,"menu_order":0,"comment_status":"closed","ping_status":"closed","template":"","meta":{"footnotes":""},"class_list":["post-6965","page","type-page","status-publish","hentry"],"acf":[],"yoast_head":"<!-- This site is optimized with the Yoast SEO plugin v23.5 - https:\/\/yoast.com\/wordpress\/plugins\/seo\/ -->\n<title>Photo Art Gallery\u00ab C\u00e9line &amp; Sam \u00bb | Samuel Bitton - Photographe d&#039;Art<\/title>\n<meta name=\"robots\" content=\"index, follow, max-snippet:-1, max-image-preview:large, max-video-preview:-1\" \/>\n<link rel=\"canonical\" href=\"http:\/\/samuelbitton.com\/en\/celine-sam-gallery\/\" \/>\n<meta property=\"og:locale\" content=\"en_US\" \/>\n<meta property=\"og:type\" content=\"article\" \/>\n<meta property=\"og:title\" content=\"Photo Art Gallery\u00ab C\u00e9line &amp; Sam \u00bb | Samuel Bitton - Photographe d&#039;Art\" \/>\n<meta property=\"og:description\" content=\"Galerie d&#039;Art Photo &quot;C\u00e9line &amp; Sam&quot; \u00e0 Ovronnaz (Suisse) des deux photographes C\u00e9line Jentzsch et Samuel Bitton.\" \/>\n<meta property=\"og:url\" content=\"http:\/\/samuelbitton.com\/en\/celine-sam-gallery\/\" \/>\n<meta property=\"og:site_name\" content=\"Samuel Bitton - Photographe d&#039;Art\" \/>\n<meta property=\"article:publisher\" content=\"https:\/\/www.facebook.com\/SamuelBittonPhotographie\/\" \/>\n<meta property=\"article:modified_time\" content=\"2022-03-20T13:10:54+00:00\" \/>\n<meta name=\"twitter:card\" content=\"summary_large_image\" \/>\n<meta name=\"twitter:label1\" content=\"Est. reading time\" \/>\n\t<meta name=\"twitter:data1\" content=\"1 minute\" \/>\n<script type=\"application\/ld+json\" class=\"yoast-schema-graph\">{\"@context\":\"https:\/\/schema.org\",\"@graph\":[{\"@type\":\"WebPage\",\"@id\":\"http:\/\/samuelbitton.com\/en\/celine-sam-gallery\/\",\"url\":\"http:\/\/samuelbitton.com\/en\/celine-sam-gallery\/\",\"name\":\"Photo Art Gallery \u00ab C\u00e9line & Sam \u00bb | Samuel Bitton - Photographe d&#039;Art\",\"isPartOf\":{\"@id\":\"http:\/\/samuelbitton.com\/#website\"},\"datePublished\":\"2022-02-06T14:29:21+00:00\",\"dateModified\":\"2022-03-20T13:10:54+00:00\",\"breadcrumb\":{\"@id\":\"http:\/\/samuelbitton.com\/en\/celine-sam-gallery\/#breadcrumb\"},\"inLanguage\":\"en-US\",\"potentialAction\":[{\"@type\":\"ReadAction\",\"target\":[\"http:\/\/samuelbitton.com\/en\/celine-sam-gallery\/\"]}]},{\"@type\":\"BreadcrumbList\",\"@id\":\"http:\/\/samuelbitton.com\/en\/celine-sam-gallery\/#breadcrumb\",\"itemListElement\":[{\"@type\":\"ListItem\",\"position\":1,\"name\":\"Accueil\",\"item\":\"https:\/\/samuelbitton.com\/\"},{\"@type\":\"ListItem\",\"position\":2,\"name\":\"Photo Art Gallery\u00ab C\u00e9line &#038; Sam \u00bb\"}]},{\"@type\":\"WebSite\",\"@id\":\"http:\/\/samuelbitton.com\/#website\",\"url\":\"http:\/\/samuelbitton.com\/\",\"name\":\"Samuel Bitton - Photographe d&#039;Art\",\"description\":\"Votre Fen\u00eatre sur la Nature\",\"potentialAction\":[{\"@type\":\"SearchAction\",\"target\":{\"@type\":\"EntryPoint\",\"urlTemplate\":\"http:\/\/samuelbitton.com\/?s={search_term_string}\"},\"query-input\":{\"@type\":\"PropertyValueSpecification\",\"valueRequired\":true,\"valueName\":\"search_term_string\"}}],\"inLanguage\":\"en-US\"}]}<\/script>\n<!-- \/ Yoast SEO plugin. -->","yoast_head_json":{"title":"Photo Art Gallery\u00ab C\u00e9line & Sam \u00bb | Samuel Bitton - Photographe d&#039;Art","robots":{"index":"index","follow":"follow","max-snippet":"max-snippet:-1","max-image-preview":"max-image-preview:large","max-video-preview":"max-video-preview:-1"},"canonical":"http:\/\/samuelbitton.com\/en\/celine-sam-gallery\/","og_locale":"en_US","og_type":"article","og_title":"Photo Art Gallery\u00ab C\u00e9line & Sam \u00bb | Samuel Bitton - Photographe d&#039;Art","og_description":"Galerie d'Art Photo \"C\u00e9line & Sam\" \u00e0 Ovronnaz (Suisse) des deux photographes C\u00e9line Jentzsch et Samuel Bitton.","og_url":"http:\/\/samuelbitton.com\/en\/celine-sam-gallery\/","og_site_name":"Samuel Bitton - Photographe d&#039;Art","article_publisher":"https:\/\/www.facebook.com\/SamuelBittonPhotographie\/","article_modified_time":"2022-03-20T13:10:54+00:00","twitter_card":"summary_large_image","twitter_misc":{"Est. reading time":"1 minute"},"schema":{"@context":"https:\/\/schema.org","@graph":[{"@type":"WebPage","@id":"http:\/\/samuelbitton.com\/en\/celine-sam-gallery\/","url":"http:\/\/samuelbitton.com\/en\/celine-sam-gallery\/","name":"Photo Art Gallery \u00ab C\u00e9line & Sam \u00bb | Samuel Bitton - Photographe d&#039;Art","isPartOf":{"@id":"http:\/\/samuelbitton.com\/#website"},"datePublished":"2022-02-06T14:29:21+00:00","dateModified":"2022-03-20T13:10:54+00:00","breadcrumb":{"@id":"http:\/\/samuelbitton.com\/en\/celine-sam-gallery\/#breadcrumb"},"inLanguage":"en-US","potentialAction":[{"@type":"ReadAction","target":["http:\/\/samuelbitton.com\/en\/celine-sam-gallery\/"]}]},{"@type":"BreadcrumbList","@id":"http:\/\/samuelbitton.com\/en\/celine-sam-gallery\/#breadcrumb","itemListElement":[{"@type":"ListItem","position":1,"name":"Accueil","item":"https:\/\/samuelbitton.com\/"},{"@type":"ListItem","position":2,"name":"Photo Art Gallery\u00ab C\u00e9line &#038; Sam \u00bb"}]},{"@type":"WebSite","@id":"http:\/\/samuelbitton.com\/#website","url":"http:\/\/samuelbitton.com\/","name":"Samuel Bitton - Photographe d&#039;Art","description":"Votre Fen\u00eatre sur la Nature","potentialAction":[{"@type":"SearchAction","target":{"@type":"EntryPoint","urlTemplate":"http:\/\/samuelbitton.com\/?s={search_term_string}"},"query-input":{"@type":"PropertyValueSpecification","valueRequired":true,"valueName":"search_term_string"}}],"inLanguage":"en-US"}]}},"_links":{"self":[{"href":"https:\/\/samuelbitton.com\/en\/wp-json\/wp\/v2\/pages\/6965"}],"collection":[{"href":"https:\/\/samuelbitton.com\/en\/wp-json\/wp\/v2\/pages"}],"about":[{"href":"https:\/\/samuelbitton.com\/en\/wp-json\/wp\/v2\/types\/page"}],"author":[{"embeddable":true,"href":"https:\/\/samuelbitton.com\/en\/wp-json\/wp\/v2\/users\/2"}],"replies":[{"embeddable":true,"href":"https:\/\/samuelbitton.com\/en\/wp-json\/wp\/v2\/comments?post=6965"}],"version-history":[{"count":7,"href":"https:\/\/samuelbitton.com\/en\/wp-json\/wp\/v2\/pages\/6965\/revisions"}],"predecessor-version":[{"id":7125,"href":"https:\/\/samuelbitton.com\/en\/wp-json\/wp\/v2\/pages\/6965\/revisions\/7125"}],"wp:attachment":[{"href":"https:\/\/samuelbitton.com\/en\/wp-json\/wp\/v2\/media?parent=6965"}],"curies":[{"name":"wp","href":"https:\/\/api.w.org\/{rel}","templated":true}]}}