{"id":4030,"date":"2017-08-30T05:22:42","date_gmt":"2017-08-30T04:22:42","guid":{"rendered":"https:\/\/samuelbitton.com\/livres\/"},"modified":"2023-09-28T16:23:02","modified_gmt":"2023-09-28T15:23:02","slug":"books","status":"publish","type":"page","link":"https:\/\/samuelbitton.com\/en\/books\/","title":{"rendered":"Books"},"content":{"rendered":"<p><div class=\"taz_row taz_row_align-center\">\n<div class=\"taz_column-30 taz_column_align-justify\">\nYou will find below the books that Samuel has published or to which he has contributed with his images and words. We wish you a pleasant reading.\n<\/div>\n<\/div><\/p>\n<table style=\"border:none;width: 100%\">\n<tbody>\n<tr>\n<td style=\"text-align: center\"><a href=\"#majestics\"><\/p>\n<h2>MAJESTICS<\/h2>\n<p><\/a><a href=\"#majestics\"><\/a><a href=\"#majestics\"><\/a><a href=\"#majestics\"><\/a><a href=\"#majestics\"><\/a><a href=\"#majestics\"><\/a><a href=\"#majestics\"><\/a><a href=\"#majestics\"><\/a><\/td>\n<td style=\"text-align: center\"><a href=\"#alpes\"><\/p>\n<h2>ALPES<br \/>\nEdition 2 \/ Edition 1<\/h2>\n<p><\/a><a href=\"#alpes\"><\/a><a href=\"#alpes\"><\/a><a href=\"#alpes\"><\/a><a href=\"#alpes\"><\/a><a href=\"#alpes\"><\/a><a href=\"#alpes\"><\/a><a href=\"#alpes\"><\/a><\/td>\n<td style=\"text-align: center\"><a href=\"#voiceoftheeyes\"><\/p>\n<h2>Voice of the Eyes<\/h2>\n<p><\/a><a href=\"#voiceoftheeyes\"><\/a><a href=\"#voiceoftheeyes\"><\/a><a href=\"#voiceoftheeyes\"><\/a><a href=\"#voiceoftheeyes\"><\/a><a href=\"#voiceoftheeyes\"><\/a><a href=\"#voiceoftheeyes\"><\/a><a href=\"#voiceoftheeyes\"><\/a><\/td>\n<\/tr>\n<tr>\n<td style=\"text-align: center;width:33%;\"><a href=\"#majestics\"><img decoding=\"async\" style=\"\" src=\"https:\/\/samuelbitton.com\/wordpress\/wp-content\/uploads\/MAJESTICS-2-3D-gauche-1500x1000px.png\"><\/a><\/td>\n<td style=\"text-align: center;width:45%;padding-left:40px;padding-top:20px\"><a href=\"#alpes\"><img decoding=\"async\" style=\"\" src=\"https:\/\/samuelbitton.com\/wordpress\/wp-content\/uploads\/Alpes1e2e_Couv_3D.png\"><\/a><\/td>\n<td style=\"text-align: center;width:22%;\"><a href=\"#voiceoftheeyes\"><img decoding=\"async\" style=\"\" src=\"https:\/\/samuelbitton.com\/wordpress\/wp-content\/uploads\/Voice_of_the_eyes_book_cover-copie.png\"><\/a><\/td>\n<\/tr>\n<\/tbody>\n<\/table>\n<hr>\n<h1 id=\"majestics\">Majestics<\/h1>\n<h4>2<sup>nd<\/sup> edition enriched<\/h4>\n<p><figure id=\"taz_imageElem-2083200119\" class=\"taz_imageElem taz_largeImage\"><div class=\"taz_imageWrapper taz_none\" style=\"position: relative; background-color:transparent;\"><a href=\"https:\/\/indd.adobe.com\/embed\/3c14207c-d1f7-4906-be77-9d37d90c2724?startpage=1&amp;allowFullscreen=true\" target=\"_blank\" class=\"taz_imageLink\"><img decoding=\"async\" class=\"taz_image\" src=\"https:\/\/samuelbitton.com\/wordpress\/wp-content\/themes\/SamuelBitton\/inc\/taz_imagePlaceholder.php?width=1500&height=1000\" data-src=\"\/wordpress\/wp-content\/uploads\/MAJESTICS-2-3D-gauche-1500x1000px.png\"  title=\"Click to see a preview of the book.\"><\/a><\/div><\/figure><\/p>\n<p><div class=\"taz_row\">\n<div class=\"taz_column-50 taz_column_align-justify\">\nIn 2003, Samuel Bitton settled in Switzerland. He immediately fell in love with the grandeur of its mountainous landscapes and has since devoted himself to capturing their grandiose panoramas, always in the best light.\n<p class=\"\">This book, a paean to Nature that is as pure as it is fragile, gathers a selection of Samuel\u2019s most beautiful panoramic images. The unusual format of the work plunges the viewer into the heart of these majestic alpine spectacles so that he or she can in turn savour all their subtleties.<\/p>\n<p class=\"\">The first edition is published in autumn 2015 by Samuel, on his own account. The book quickly became a great success with the public. In 2016, he was awarded a prize at the famous <a href=\"https:\/\/www.banffcentre.ca\/banff-mountain-book-competition\" target=\"_blank\" rel=\"noopener noreferrer\">Banff International Mountain Book Festival<\/a> (Canada).<\/p>\n<p class=\"\">Faced with this success, Samuel decided to reissue it in 2017, in a new edition enriched with 12 new unpublished photographs.<\/p>\n<p class=\"\">In 2018, this 2nd edition was rewarded with an honourable mention at the very famous <a href=\"https:\/\/www.photoawards.com\/winner\/hmention.php?compName=IPA%202018&amp;level=pro\" target=\"_blank\" rel=\"noopener noreferrer\">IPA Awards<\/a>.<\/p>\n<\/div>\n\n<div class=\"taz_column-50 taz_column_align-justify\">\n<ul>\n \t<li>Self-published.<\/li>\n \t<li>Forword by Beno\u00eet Aymon, a famous journalist at the Swiss TV TSR (T\u00e9l\u00e9vision Suisse Romande.<\/li>\n \t<li>176 pages.<\/li>\n \t<li>70 panoramic colour photographs in double spreads.<\/li>\n \t<li>24cm x 34cm (24cm x 68cm open).<\/li>\n \t<li>Edited with the support of <a target=\"_blank\" href=\"https:\/\/www.pronatura.ch\/actuel\" rel=\"noopener noreferrer\">Pro Natura Switzerland<\/a>.<\/li>\n \t<li>Texts in three languages, French, English and German.<\/li>\n<\/ul>\n<p style=\"text-align:center;margin-top:50px;font-size:200%;\">Price: 69.00 CHF\n<span style=\"font-size:50%;font-style:italic\">(60.00 EUR)<\/span><\/p>\n<button type=\"button\" class=\"taz_button taz_large taz_center\"onclick=\"window.open('\/en\/online-store','_self')\"><span>Buy<\/span><\/button>\n<\/div>\n<\/div><\/p>\n<hr>\n<h1 id=\"alpes\">ALPES<\/h1>\n<h4>An exceptional book about one of the most famous mountain ranges in the world, the European Alps.<\/h4>\n<table style=\"border:0px\">\n<tbody>\n<tr>\n<td style=\"text-align: center;\">\n<h3>2nd Edition<\/h3>\n<\/td>\n<td style=\"text-align: center;\">\n<h3>1st Edition<\/h3>\n<\/td>\n<\/tr>\n<tr>\n<td style=\"width:50%;border:solid 0px white\"><figure id=\"taz_imageElem-266081145\" class=\"taz_imageElem taz_largeImage\"><div class=\"taz_imageWrapper taz_none\" style=\"position: relative; background-color:transparent;\"><a href=\"https:\/\/www.salamandre.org\/visionneuse\/publication\/83727\/\" target=\"_blank\" class=\"taz_imageLink\"><img decoding=\"async\" class=\"taz_image\" src=\"https:\/\/samuelbitton.com\/wordpress\/wp-content\/themes\/SamuelBitton\/inc\/taz_imagePlaceholder.php?width=1100&height=569\" data-src=\"\/wordpress\/wp-content\/uploads\/ALPES_2e_3D_COUV-1100px.png\"  title=\"Click to see an extract from the inside.\"><\/a><\/div><\/figure><\/td>\n<td style=\"width:50%;border:solid 0px white\"><figure id=\"taz_imageElem-1606590849\" class=\"taz_imageElem taz_largeImage\"><div class=\"taz_imageWrapper taz_none\" style=\"position: relative; background-color:transparent;\"><a href=\"https:\/\/www.salamandre.org\/visionneuse\/publication\/68476\/\" target=\"_blank\" class=\"taz_imageLink\"><img decoding=\"async\" class=\"taz_image\" src=\"https:\/\/samuelbitton.com\/wordpress\/wp-content\/themes\/SamuelBitton\/inc\/taz_imagePlaceholder.php?width=1100&height=569\" data-src=\"\/wordpress\/wp-content\/uploads\/Alpes_Couv_3D_1100px.png\"  title=\"Click to see an extract from the inside.\"><\/a><\/div><\/figure><\/td>\n<\/tr>\n<\/tbody>\n<\/table>\n<div style=\"text-align: center\">\n<table style=\"width:350px;border:0px;margin-left:auto;margin-right:auto;\">\n<tbody>\n<tr>\n<td style=\"border:0px;text-align: center;\"><a target=\"_blank\" href=\"https:\/\/youtu.be\/YYW3czXPmeI\" rel=\"noopener noreferrer\"><img decoding=\"async\" width=\"50px\" src=\"https:\/\/samuelbitton.com\/wordpress\/wp-content\/uploads\/icon_play_button.png\"><\/a><\/td>\n<td style=\"border:0px;text-align: center;\"><a target=\"_blank\" href=\"https:\/\/www.salamandre.org\/visionneuse\/publication\/83727\/\" rel=\"noopener noreferrer\"><img decoding=\"async\" width=\"50px\" src=\"https:\/\/samuelbitton.com\/wordpress\/wp-content\/uploads\/icon_book.png\"><\/a><\/td>\n<td style=\"border:0px;text-align: center;\"><a target=\"_blank\" href=\"https:\/\/www.salamandre.org\/visionneuse\/publication\/68476\/\" rel=\"noopener noreferrer\"><img decoding=\"async\" width=\"50px\" src=\"https:\/\/samuelbitton.com\/wordpress\/wp-content\/uploads\/icon_book.png\"><\/a><\/td>\n<\/tr>\n<tr>\n<td style=\"border:0px;text-align: center;\">Video Teaser<\/td>\n<td style=\"border:0px;text-align: center;\">Flick through 2nd Edition<\/td>\n<td style=\"border:0px;text-align: center;\">Flick through 1st Edition<\/td>\n<\/tr>\n<\/tbody>\n<\/table>\n<\/div>\n<p><div class=\"taz_row\">\n<div class=\"taz_column-50 taz_column_align-justify\">\nA natural barrier between North and South, a watershed and the last wild bastion in the heart of the ancient continent, the Alps divide countries and cultures but unite people by exerting an unparalleled attraction. These majestic mountains came into being as a result of the tectonic encounter between the African and European plates forty million years ago. Today, they stand in the middle of Europe and spread accross several countries.\n<p class=\"\">This beautiful book pays tribute to them through the images of three renowned photographers and informative texts on geology, climatology, vegetation or geography. Taken in France, Switzerland and Italy, the photographs highlight little-known places as well as revisiting world-famous peaks and regions.<\/p>\n<p class=\"\">As the seasons change, these spectacular landscapes delight the reader across borders, from valley bottoms where silver streams meander to the highest eternally snow-covered peaks, via immense glacial tongues, emerald lakes bordered by flowering marshes or larch forests set ablaze by the autumn.<\/p>\n<p class=\"\">Thematic boxes signed by scientists specialising in the Alps provide an interdisciplinary insight into the particularities, issues and challenges of this renowned but fragile house of cards.<\/p>\n\n<h3>2nd Edition (Oct. 2023)<\/h3>\nFollowing the success of the first edition published in October 2021, the ALPES book has been reissued in Septembver 2023 in a second edition with <b>40 new extra pages<\/b> including <b>brand new unpublished photographs<\/b>.\n<h3>THE AUTORS<\/h3>\n<h4>The photographers (images)<\/h4>\n<p class=\"\">Samuel Bitton has the immense pleasure of seeing his images published in this book alongside the two photographers <a target=\"_blank\" href=\"https:\/\/www.ambredelalpe.com\" rel=\"noopener noreferrer\">Ambre de l'AlPe<\/a> (France) and <a target=\"_blank\" href=\"http:\/\/www.sysaworld.com\" rel=\"noopener noreferrer\">Roberto Moiola<\/a> (Italy).<\/p>\n<p class=\"\">Located in the French Alps, <a target=\"_blank\" href=\"https:\/\/www.ambredelalpe.com\" rel=\"noopener noreferrer\">Ambre de l'AlPe<\/a> is a photographer and mountain guide. Since she was a child, the Alps have been her favourite playground where she searches for the play of light and dark clouds. She is the author of the magnificent book \"Horizons Dentel\u00e9s\" (2018).<\/p>\n<p class=\"\">Cofounder of the nature photo agency clickalps.com, <a target=\"_blank\" href=\"http:\/\/www.sysaworld.com\" rel=\"noopener noreferrer\">Roberto Moiola<\/a> is a renowned Italian photographer. For his shots, he looks for particular angles and unusual viewpoints, sometimes from a helicopter or using a drone.<\/p>\n\n<h4>The scientists (textes)<\/h4>\n<ul>\n \t<li>Martine Rebetez, climatologist (University of Neuch\u00e2tel and Federal Institute for Forest, Snow and Landscape Research)<\/li>\n \t<li>Ludovic Ravanel, geomorphologist (CNRS and Savoie Mont Blanc University in Chamb\u00e9ry)<\/li>\n \t<li>Philip Deline, geomorphologist (CNRS and Savoie Mont Blanc University in Chamb\u00e9ry)<\/li>\n \t<li>Emmanuel Reynard, geographer and geomorphologist (University of Lausanne)<\/li>\n \t<li>Suzy Blondin, geographer (University of Neuch\u00e2tel)<\/li>\n \t<li>Christophe Randin, biogeographer (Jardin botanique Flore-Alpe, Centre alpin de phytog\u00e9ographie and University of Lausanne)<\/li>\n \t<li>Pascal Vittoz, botanist (University of Lausanne)<\/li>\n<\/ul>\n<\/div>\n<div class=\"taz_column-50 taz_column_align-justify\">\n<ul>\n \t<li>Published by the publishing house of the famous swiss nature magazine <a target=\"_blank\" href=\"https:\/\/www.salamandre.org\" rel=\"noopener noreferrer\">La Salamandre<\/a>.<\/li>\n \t<li>264 pages (2nd Edition ) \/ 224 pages (1st Edition).<\/li>\n \t<li>29.8 cm x 27 cm.<\/li>\n \t<li>Texts in French.<\/li>\n \t<li>ISBN: 9782889585342 (2nd Edition) \/ 9782889584437 (1st Edition).<\/li>\n \t<li>Official release date: 13.09.2023 (2nd Edition) \/ 19.10.2021 (1st Edition).<\/li>\n<\/ul>\n<p style=\"text-align:center;margin-top:50px;font-size:200%;\">2nd Edition : 59.00 CHF <button type=\"button\" class=\"taz_button taz_large taz_center\"onclick=\"window.open('\/en\/online-store','_self')\"><span>Buy<\/span><\/button><\/p>\n<p style=\"text-align:center;margin-top:50px;font-size:200%;\">1st Edition : 55.00 CHF <button type=\"button\" class=\"taz_button taz_large taz_center\"onclick=\"window.open('\/en\/online-store','_self')\"><span>Buy<\/span><\/button><\/p>\n<\/div>\n<\/div><\/p>\n<hr>\n<h1 id=\"voiceoftheeyes\">Voice of the Eyes<\/h1>\n<h4>Creative Minds in Landscape Photography<\/h4>\n<p><figure id=\"taz_imageElem-1581677517\" class=\"taz_imageElem\"><div class=\"taz_imageWrapper taz_none\" style=\"position: relative; background-color:transparent;\"><a href=\"https:\/\/voiceoftheeyes.com\/\" target=\"_blank\" class=\"taz_imageLink\"><img decoding=\"async\" class=\"taz_image\" src=\"https:\/\/samuelbitton.com\/wordpress\/wp-content\/themes\/SamuelBitton\/inc\/taz_imagePlaceholder.php?width=400px&height=400\" data-src=\"\/wordpress\/wp-content\/uploads\/Voice_of_the_eyes_book_cover-copie-640x640.png\"  style=\"width:400pxpx\" title=\"Voice of the Eyes.\"><\/a><\/div><\/figure><br \/>\n<div class=\"taz_row\">\n<div class=\"taz_column-50 taz_column_align-justify\">\nVoice of the Eyes\u00ae is a collection of interviews with exceptional landscape photographers collected and edited by <a target=\"_blank\" href=\"https:\/\/www.rene-algesheimer.com\/\" rel=\"noopener\">Ren\u00e9 Algesheimer<\/a>, himself a talented landscape photographer.\n<p class=\"\">In his words, \"these photographers have mastered their craft like no other and have helped shape the entire discipline\".<\/p>\n<p class=\"\">A book of great artistic value, and Samuel is deeply touched and honoured to be among these eminent photographers he has long admired and respected.<\/p>\n\n<h4>Photographers interviewed :<\/h4>\n<p class=\"\"><a target=\"_blank\" href=\"https:\/\/www.marcadamus.com\" rel=\"noopener\">Marc Adamus<\/a> \/ <a target=\"_blank\" href=\"https:\/\/valdabailey.com\" rel=\"noopener\">Valda Bailey<\/a> \/ <a target=\"_blank\" href=\"https:\/\/www.sandrabartocha.com\" rel=\"noopener\">Sandra Bartocha<\/a> \/ <a target=\"_blank\" href=\"https:\/\/expressive.photography\" rel=\"noopener\">Alister Benn<\/a> \/ <a target=\"_blank\" href=\"https:\/\/www.bergsmo.no\" rel=\"noopener\">Trym Ivar Bergsmo<\/a> \/ <a target=\"_blank\" href=\"https:\/\/samuelbitton.com\" rel=\"noopener\">Samuel Bitton<\/a> \/ <a target=\"_blank\" href=\"https:\/\/www.theobosboom.nl\" rel=\"noopener\">Theo Bosboom<\/a> \/ <a target=\"_blank\" href=\"https:\/\/www.nigeldanson.com\" rel=\"noopener\">Nigel Danson<\/a> \/ <a target=\"_blank\" href=\"https:\/\/isabeldiez.com\/en\/\" rel=\"noopener\">Isabel D\u00edez<\/a> \/ <a target=\"_blank\" href=\"https:\/\/www.benjamineverett.com\" rel=\"noopener\">Benjamin Everett<\/a> \/ <a target=\"_blank\" href=\"https:\/\/thomasheaton.co.uk\" rel=\"noopener\">Thomas Heaton<\/a> \/ <a target=\"_blank\" href=\"https:\/\/www.tomhegen.com\" rel=\"noopener\">Tom Hegen<\/a> \/ <a target=\"_blank\" href=\"https:\/\/arildheitmann.com\" rel=\"noopener\">Arild Heitmann<\/a> \/ <a target=\"_blank\" href=\"https:\/\/kaihornung.com\" rel=\"noopener\">Kai Hornung<\/a> \/ <a target=\"_blank\" href=\"http:\/\/celinejentzsch.com\" rel=\"noopener\">C\u00e9line Jentzsch<\/a> \/ <a target=\"_blank\" href=\"https:\/\/paul-kenny.co.uk\" rel=\"noopener\">Paul Kenny<\/a> \/ <a target=\"_blank\" href=\"https:\/\/www.stianklo.com\" rel=\"noopener\">Stian Klo<\/a> \/ <a target=\"_blank\" href=\"https:\/\/portfolios.williamneill.com\" rel=\"noopener\">William Neill<\/a> \/ <a target=\"_blank\" href=\"https:\/\/www.alexnoriega.com\" rel=\"noopener\">Alex Noriega<\/a> \/ <a target=\"_blank\" href=\"http:\/\/www.freemanpatterson.com\" rel=\"noopener\">Freeman Patterson<\/a> \/ <a target=\"_blank\" href=\"https:\/\/brucepercy.co.uk\" rel=\"noopener\">Bruce Percy<\/a> \/ <a target=\"_blank\" href=\"https:\/\/www.rafaelrojas.com\" rel=\"noopener\">Rafael Rojas<\/a> \/ <a target=\"_blank\" href=\"https:\/\/www.discoverstill.com\" rel=\"noopener\">Paul Sanders<\/a> \/ <a target=\"_blank\" href=\"https:\/\/www.hansstrand.se\" rel=\"noopener\">Hans Strand<\/a> \/ <a target=\"_blank\" href=\"https:\/\/guytal.com\" rel=\"noopener\">Guy Tal<\/a> \/ <a target=\"_blank\" href=\"https:\/\/rachaeltalibart.com\" rel=\"noopener\">Rachael Talibart<\/a> \/ <a target=\"_blank\" href=\"https:\/\/tjthornephotography.com\" rel=\"noopener\">TJ Thorne<\/a> \/ <a target=\"_blank\" href=\"https:\/\/www.davidthompsonphotography.com\" rel=\"noopener\">David Thompson<\/a> \/ <a target=\"_blank\" href=\"https:\/\/www.squiver.com\" rel=\"noopener\">Marsel van Oosten<\/a> \/ <a target=\"_blank\" href=\"https:\/\/www.davidward.photo\" rel=\"noopener\">David Ward<\/a> \/ <a target=\"_blank\" href=\"https:\/\/reubenwu.com\" rel=\"noopener\">Reuben Wu<\/a><\/p>\n<p class=\"\">Find out more on the book's website : <a target=\"_blank\" href=\"https:\/\/voiceoftheeyes.com\/\" rel=\"noopener\">voiceoftheeyes.com<\/a>.<\/p>\n<\/div>\n<div class=\"taz_column-50 taz_column_align-justify\">\n<ul>\n \t<li>520 pages.<\/li>\n \t<li>30+1 interviews with some of today's world's most famous landscape photographers.<\/li>\n \t<li>125 color images from the interviewed photographers.<\/li>\n \t<li>Printed on 170gm2 high quality matt fine-art paper<\/li>\n \t<li>25cm x 25cm.<\/li>\n \t<li>Language : English.<\/li>\n \t<li>Self-edited by <a target=\"_blank\" href=\"https:\/\/www.rene-algesheimer.com\/\" rel=\"noopener\">Ren\u00e9 Algesheimer<\/a>.<\/li>\n \t<li>Book's official website : <a target=\"_blank\" href=\"https:\/\/voiceoftheeyes.com\/\" rel=\"noopener\">www.voiceoftheeyes.com<\/a><\/li>\n<\/ul>\n<p style=\"text-align:center;margin-top:50px;font-size:200%;\">Price : 90.00 CHF<\/p>\n<button type=\"button\" class=\"taz_button taz_large taz_center\"onclick=\"window.open('https:\/\/voiceoftheeyes.com\/','_blank')\"><span>Buy<\/span><\/button>\n<\/div>\n<\/div><br \/>\n<div class=\"taz_subMenusSiblingsArea\"><h1 class=\"taz_subMenusSiblings-title\">Continue visiting<\/h1><\/div><\/p>\n","protected":false},"excerpt":{"rendered":"<p>MAJESTICS ALPES Edition 2 \/ Edition 1 Voice of the Eyes Majestics 2nd edition enriched ALPES An exceptional book about one of the most famous mountain ranges in the world, the European Alps. 2nd Edition 1st Edition Video Teaser Flick through 2nd Edition Flick through 1st Edition Voice of the Eyes Creative Minds in Landscape [&hellip;]<\/p>\n","protected":false},"author":2,"featured_media":0,"parent":0,"menu_order":0,"comment_status":"closed","ping_status":"closed","template":"","meta":{"footnotes":""},"class_list":["post-4030","page","type-page","status-publish","hentry"],"acf":[],"yoast_head":"<!-- This site is optimized with the Yoast SEO plugin v23.5 - https:\/\/yoast.com\/wordpress\/plugins\/seo\/ -->\n<title>Books | Samuel Bitton - Photographe d&#039;Art<\/title>\n<meta name=\"robots\" content=\"index, follow, max-snippet:-1, max-image-preview:large, max-video-preview:-1\" \/>\n<link rel=\"canonical\" href=\"https:\/\/samuelbitton.com\/en\/books\/\" \/>\n<meta property=\"og:locale\" content=\"en_US\" \/>\n<meta property=\"og:type\" content=\"article\" \/>\n<meta property=\"og:title\" content=\"Books | Samuel Bitton - Photographe d&#039;Art\" \/>\n<meta property=\"og:description\" content=\"MAJESTICS ALPES Edition 2 \/ Edition 1 Voice of the Eyes Majestics 2nd edition enriched ALPES An exceptional book about one of the most famous mountain ranges in the world, the European Alps. 2nd Edition 1st Edition Video Teaser Flick through 2nd Edition Flick through 1st Edition Voice of the Eyes Creative Minds in Landscape [&hellip;]\" \/>\n<meta property=\"og:url\" content=\"https:\/\/samuelbitton.com\/en\/books\/\" \/>\n<meta property=\"og:site_name\" content=\"Samuel Bitton - Photographe d&#039;Art\" \/>\n<meta property=\"article:publisher\" content=\"https:\/\/www.facebook.com\/SamuelBittonPhotographie\/\" \/>\n<meta property=\"article:modified_time\" content=\"2023-09-28T15:23:02+00:00\" \/>\n<meta property=\"og:image\" content=\"https:\/\/samuelbitton.com\/wordpress\/wp-content\/uploads\/MAJESTICS-2-3D-gauche-1500x1000px.png\" \/>\n<meta name=\"twitter:card\" content=\"summary_large_image\" \/>\n<meta name=\"twitter:label1\" content=\"Est. reading time\" \/>\n\t<meta name=\"twitter:data1\" content=\"6 minutes\" \/>\n<script type=\"application\/ld+json\" class=\"yoast-schema-graph\">{\"@context\":\"https:\/\/schema.org\",\"@graph\":[{\"@type\":\"WebPage\",\"@id\":\"https:\/\/samuelbitton.com\/en\/books\/\",\"url\":\"https:\/\/samuelbitton.com\/en\/books\/\",\"name\":\"Books | Samuel Bitton - Photographe d&#039;Art\",\"isPartOf\":{\"@id\":\"https:\/\/samuelbitton.com\/en\/#website\"},\"primaryImageOfPage\":{\"@id\":\"https:\/\/samuelbitton.com\/en\/books\/#primaryimage\"},\"image\":{\"@id\":\"https:\/\/samuelbitton.com\/en\/books\/#primaryimage\"},\"thumbnailUrl\":\"https:\/\/samuelbitton.com\/wordpress\/wp-content\/uploads\/MAJESTICS-2-3D-gauche-1500x1000px.png\",\"datePublished\":\"2017-08-30T04:22:42+00:00\",\"dateModified\":\"2023-09-28T15:23:02+00:00\",\"breadcrumb\":{\"@id\":\"https:\/\/samuelbitton.com\/en\/books\/#breadcrumb\"},\"inLanguage\":\"en-US\",\"potentialAction\":[{\"@type\":\"ReadAction\",\"target\":[\"https:\/\/samuelbitton.com\/en\/books\/\"]}]},{\"@type\":\"ImageObject\",\"inLanguage\":\"en-US\",\"@id\":\"https:\/\/samuelbitton.com\/en\/books\/#primaryimage\",\"url\":\"https:\/\/samuelbitton.com\/wordpress\/wp-content\/uploads\/MAJESTICS-2-3D-gauche-1500x1000px.png\",\"contentUrl\":\"https:\/\/samuelbitton.com\/wordpress\/wp-content\/uploads\/MAJESTICS-2-3D-gauche-1500x1000px.png\"},{\"@type\":\"BreadcrumbList\",\"@id\":\"https:\/\/samuelbitton.com\/en\/books\/#breadcrumb\",\"itemListElement\":[{\"@type\":\"ListItem\",\"position\":1,\"name\":\"Accueil\",\"item\":\"https:\/\/samuelbitton.com\/\"},{\"@type\":\"ListItem\",\"position\":2,\"name\":\"Books\"}]},{\"@type\":\"WebSite\",\"@id\":\"https:\/\/samuelbitton.com\/en\/#website\",\"url\":\"https:\/\/samuelbitton.com\/en\/\",\"name\":\"Samuel Bitton - Photographe d&#039;Art\",\"description\":\"Votre Fen\u00eatre sur la Nature\",\"potentialAction\":[{\"@type\":\"SearchAction\",\"target\":{\"@type\":\"EntryPoint\",\"urlTemplate\":\"https:\/\/samuelbitton.com\/en\/?s={search_term_string}\"},\"query-input\":{\"@type\":\"PropertyValueSpecification\",\"valueRequired\":true,\"valueName\":\"search_term_string\"}}],\"inLanguage\":\"en-US\"}]}<\/script>\n<!-- \/ Yoast SEO plugin. -->","yoast_head_json":{"title":"Books | Samuel Bitton - Photographe d&#039;Art","robots":{"index":"index","follow":"follow","max-snippet":"max-snippet:-1","max-image-preview":"max-image-preview:large","max-video-preview":"max-video-preview:-1"},"canonical":"https:\/\/samuelbitton.com\/en\/books\/","og_locale":"en_US","og_type":"article","og_title":"Books | Samuel Bitton - Photographe d&#039;Art","og_description":"MAJESTICS ALPES Edition 2 \/ Edition 1 Voice of the Eyes Majestics 2nd edition enriched ALPES An exceptional book about one of the most famous mountain ranges in the world, the European Alps. 2nd Edition 1st Edition Video Teaser Flick through 2nd Edition Flick through 1st Edition Voice of the Eyes Creative Minds in Landscape [&hellip;]","og_url":"https:\/\/samuelbitton.com\/en\/books\/","og_site_name":"Samuel Bitton - Photographe d&#039;Art","article_publisher":"https:\/\/www.facebook.com\/SamuelBittonPhotographie\/","article_modified_time":"2023-09-28T15:23:02+00:00","og_image":[{"url":"https:\/\/samuelbitton.com\/wordpress\/wp-content\/uploads\/MAJESTICS-2-3D-gauche-1500x1000px.png"}],"twitter_card":"summary_large_image","twitter_misc":{"Est. reading time":"6 minutes"},"schema":{"@context":"https:\/\/schema.org","@graph":[{"@type":"WebPage","@id":"https:\/\/samuelbitton.com\/en\/books\/","url":"https:\/\/samuelbitton.com\/en\/books\/","name":"Books | Samuel Bitton - Photographe d&#039;Art","isPartOf":{"@id":"https:\/\/samuelbitton.com\/en\/#website"},"primaryImageOfPage":{"@id":"https:\/\/samuelbitton.com\/en\/books\/#primaryimage"},"image":{"@id":"https:\/\/samuelbitton.com\/en\/books\/#primaryimage"},"thumbnailUrl":"https:\/\/samuelbitton.com\/wordpress\/wp-content\/uploads\/MAJESTICS-2-3D-gauche-1500x1000px.png","datePublished":"2017-08-30T04:22:42+00:00","dateModified":"2023-09-28T15:23:02+00:00","breadcrumb":{"@id":"https:\/\/samuelbitton.com\/en\/books\/#breadcrumb"},"inLanguage":"en-US","potentialAction":[{"@type":"ReadAction","target":["https:\/\/samuelbitton.com\/en\/books\/"]}]},{"@type":"ImageObject","inLanguage":"en-US","@id":"https:\/\/samuelbitton.com\/en\/books\/#primaryimage","url":"https:\/\/samuelbitton.com\/wordpress\/wp-content\/uploads\/MAJESTICS-2-3D-gauche-1500x1000px.png","contentUrl":"https:\/\/samuelbitton.com\/wordpress\/wp-content\/uploads\/MAJESTICS-2-3D-gauche-1500x1000px.png"},{"@type":"BreadcrumbList","@id":"https:\/\/samuelbitton.com\/en\/books\/#breadcrumb","itemListElement":[{"@type":"ListItem","position":1,"name":"Accueil","item":"https:\/\/samuelbitton.com\/"},{"@type":"ListItem","position":2,"name":"Books"}]},{"@type":"WebSite","@id":"https:\/\/samuelbitton.com\/en\/#website","url":"https:\/\/samuelbitton.com\/en\/","name":"Samuel Bitton - Photographe d&#039;Art","description":"Votre Fen\u00eatre sur la Nature","potentialAction":[{"@type":"SearchAction","target":{"@type":"EntryPoint","urlTemplate":"https:\/\/samuelbitton.com\/en\/?s={search_term_string}"},"query-input":{"@type":"PropertyValueSpecification","valueRequired":true,"valueName":"search_term_string"}}],"inLanguage":"en-US"}]}},"_links":{"self":[{"href":"https:\/\/samuelbitton.com\/en\/wp-json\/wp\/v2\/pages\/4030"}],"collection":[{"href":"https:\/\/samuelbitton.com\/en\/wp-json\/wp\/v2\/pages"}],"about":[{"href":"https:\/\/samuelbitton.com\/en\/wp-json\/wp\/v2\/types\/page"}],"author":[{"embeddable":true,"href":"https:\/\/samuelbitton.com\/en\/wp-json\/wp\/v2\/users\/2"}],"replies":[{"embeddable":true,"href":"https:\/\/samuelbitton.com\/en\/wp-json\/wp\/v2\/comments?post=4030"}],"version-history":[{"count":29,"href":"https:\/\/samuelbitton.com\/en\/wp-json\/wp\/v2\/pages\/4030\/revisions"}],"predecessor-version":[{"id":8144,"href":"https:\/\/samuelbitton.com\/en\/wp-json\/wp\/v2\/pages\/4030\/revisions\/8144"}],"wp:attachment":[{"href":"https:\/\/samuelbitton.com\/en\/wp-json\/wp\/v2\/media?parent=4030"}],"curies":[{"name":"wp","href":"https:\/\/api.w.org\/{rel}","templated":true}]}}